{"id":34,"date":"2022-05-18T20:37:33","date_gmt":"2022-05-18T20:37:33","guid":{"rendered":"https:\/\/ceterama.com\/index.php\/home\/"},"modified":"2022-06-13T11:16:34","modified_gmt":"2022-06-13T11:16:34","slug":"home","status":"publish","type":"page","link":"https:\/\/ceterama.com\/","title":{"rendered":"Home"},"content":{"rendered":"\n\n\n<h2>Fonctionnalit\u00e9s<\/h2>\n<p style=\"text-align: center; \">CETEREMA est le produit d&rsquo;un groupement de deux unit\u00e9s de radiologie diagnostique et Interventionnelle (CRDI-R24 ET CRF) et d\u2019une unit\u00e9 de T\u00e9l\u00e9radiologie \u00e0 Bamako au Mali.&nbsp;<\/p><div style=\"text-align: center;\"><br><\/div>\n\n\n<p>T\u00e9l\u00e9expertise entre radiologues sur un dossier particulier<\/p>\n<p>T\u00e9l\u00e9diagnostic d\u2019urgence en l&rsquo;absence d&rsquo;un radiologue sur place afin d&rsquo;assurer la prise en charge m\u00e9dicale radiologique du patient..<\/span><\/p>\n<p>T\u00e9l\u00e9diagnostic de fa\u00e7on r\u00e9guli\u00e8re en dehors du contexte de l\u2019urgence <\/p>\n\n\n\n\n\n\n<p>Stockage des images et donn\u00e9es cliniques sur un serveur Pacs prot\u00e9g\u00e9 et h\u00e9berg\u00e9<\/span><\/p>\n<p>Viewer Web avec qualit\u00e9 diagnostique et fonctionnalit\u00e9s avanc\u00e9s : MIP\/MPR, 3D, VRT, Fusion PT-CT, COXO <\/span><\/p>\n<p>Notification personnalis\u00e9e.<\/span><\/p>\n\n\n\n\n\n\n\n\n\n\n<h2>Service de qualit\u00e9.<\/h2>\n<p style=\"text-align: justify; \">Avec une \u00e9quipe polyvalente nous offrons un service de qualit\u00e9 pour les \u00e9tablissements partenaires, les patients et d\u2019autres coll\u00e8gues radiologues.\nNotre pr\u00e9occupation majeure serait d\u2019offrir un service de qualit\u00e9 avec fiabilit\u00e9 et dans un temps raisonnable de mise \u00e0 la disposition de r\u00e9sultats.<\/p>\n\n\n\n\n<h2>Une r\u00e9ponse aux enjeux de sant\u00e9<\/h2>\n<p style=\"text-align: justify; \">Pratiqu\u00e9e hors les murs de l\u2019h\u00f4pital ou dans les \u00e9tablissements de sant\u00e9, la t\u00e9l\u00e9m\u00e9decine garantit la meilleure prise en charge des patients, quel que soit le lieu et le moment o\u00f9 doit intervenir un diagnostic. Elle est particuli\u00e8rement adapt\u00e9e aux situations d\u2019urgence qui ne peuvent parfois trouver la r\u00e9ponse la plus qualitative possible dans des d\u00e9lais optimaux. Elle r\u00e9pond aussi aux situations d\u2019attente prolong\u00e9e rencontr\u00e9es dans les \u00ab d\u00e9serts m\u00e9dicaux \u00bb.\nLa pertinence du diagnostic est garantie par le partage des informations entre professionnels de sant\u00e9..<\/p>\n\n\n\n\n\n\n\n\n<h2>Avantages de notre solution<\/h2>\n<p style=\"text-align: center; \">Dans un contexte de p\u00e9nurie croissante des ressources m\u00e9dicales, la t\u00e9l\u00e9m\u00e9decine s\u2019offre comme une r\u00e9ponse alternative et compl\u00e9mentaire aux ressources existantes. Elle permet de mieux faire face aux situations d\u2019urgence, d\u2019assurer un meilleur suivi m\u00e9dical, de garantir l\u2019acc\u00e8s \u00e0 une m\u00e9decine de qualit\u00e9 pour recueillir prescriptions, avis sp\u00e9cialis\u00e9s, etc.<\/p>\n\n\nAcc\u00e8s aux meilleures pratiques en mati\u00e8re de diagnostic, prescription, avis sp\u00e9cialis\u00e9, surveillance m\u00e9dicale.\n\n\n<p>S\u00e9curisation de l\u2019accueil des patients 24h\/24h et 7j\/7, y compris au sein des \u00e9tablissements dans les territoires les plus isol\u00e9s<\/p>\n\n\n<p>Acc\u00e8s \u00e0 la sp\u00e9cialisation d&rsquo;organe lors de la prise en compte et du diagnostic des pathologies les plus rares\/complexes<\/p>\n\n\n<p>Les interpr\u00e9tations sont rendues nominativement par les m\u00e9decins sp\u00e9cialistes<\/p>\n\n\n<p>Un contact direct est possible avec le m\u00e9decin prescripteur afin de permettre l\u2019\u00e9change sur les informations m\u00e9dicales li\u00e9es \u00e0 la prise en charge du patient.<\/p>\n\n\n<p>Le respect des d\u00e9lais (urgent et non urgent) et des engagements (disponibilit\u00e9 et accessibilit\u00e9)\n<\/p>\n\n\n<p>fiabilit\u00e9 et l\u2019efficacit\u00e9 du dispositif technique<\/p>\n\n\n<p>Une d\u00e9marche qualit\u00e9 \u00e9prouv\u00e9e et volontaire conform\u00e9ment au cadre l\u00e9gal et d\u00e9ontologique applicables<\/p>\n\n\n\n\n\n","protected":false},"excerpt":{"rendered":"","protected":false},"author":1,"featured_media":0,"parent":0,"menu_order":0,"comment_status":"closed","ping_status":"closed","template":"","meta":{"pagelayer_contact_templates":[],"_pagelayer_content":"","footnotes":""},"class_list":["post-34","page","type-page","status-publish","hentry"],"_links":{"self":[{"href":"https:\/\/ceterama.com\/index.php\/wp-json\/wp\/v2\/pages\/34","targetHints":{"allow":["GET"]}}],"collection":[{"href":"https:\/\/ceterama.com\/index.php\/wp-json\/wp\/v2\/pages"}],"about":[{"href":"https:\/\/ceterama.com\/index.php\/wp-json\/wp\/v2\/types\/page"}],"author":[{"embeddable":true,"href":"https:\/\/ceterama.com\/index.php\/wp-json\/wp\/v2\/users\/1"}],"replies":[{"embeddable":true,"href":"https:\/\/ceterama.com\/index.php\/wp-json\/wp\/v2\/comments?post=34"}],"version-history":[{"count":6,"href":"https:\/\/ceterama.com\/index.php\/wp-json\/wp\/v2\/pages\/34\/revisions"}],"predecessor-version":[{"id":64,"href":"https:\/\/ceterama.com\/index.php\/wp-json\/wp\/v2\/pages\/34\/revisions\/64"}],"wp:attachment":[{"href":"https:\/\/ceterama.com\/index.php\/wp-json\/wp\/v2\/media?parent=34"}],"curies":[{"name":"wp","href":"https:\/\/api.w.org\/{rel}","templated":true}]}}